{"id":2418,"date":"2014-10-16T20:58:56","date_gmt":"2014-10-16T17:58:56","guid":{"rendered":"http:\/\/cimat.demotalep.com\/?page_id=2418"},"modified":"2015-03-07T15:46:39","modified_gmt":"2015-03-07T13:46:39","slug":"urunler","status":"publish","type":"page","link":"http:\/\/turbobalansmakinesi.com\/?page_id=2418","title":{"rendered":"\u00dcr\u00fcnler"},"content":{"rendered":"<h3 class=\"title\"><span><\/span><\/h3><div class=\"latest-blog negative-wrap\"><div class=\"blog-item four columns\"><a href=\"http:\/\/turbobalansmakinesi.com\/?p=2481\" title=\"Turbochargers Balancing Machines \u2013 TurboTest\" class=\"blog-pic\"><img src=\"http:\/\/turbobalansmakinesi.com\/wp-content\/uploads\/2014\/10\/4-460x300.jpg\" \/><div class=\"blog-overlay\"><span class=\"post-icon standard\"><\/span><\/div><\/a><div class=\"blog-item-description\">\n\t\t\t\t\t\t<h4><a href=\"http:\/\/turbobalansmakinesi.com\/?p=2481\" title=\"Turbochargers Balancing Machines \u2013 TurboTest\">Turbochargers Balancing Machines \u2013 TurboTest<\/a><\/h4>\n\t\t\t\t\t\t<span>18 Ekim 2014 \/ 0 Comments<\/span>\n\t\t\t\t\t<\/div><div class=\"blog-border\"><\/div><\/div><div class=\"blog-item four columns\"><a href=\"http:\/\/turbobalansmakinesi.com\/?p=2549\" title=\"CMT-48 VSR Ses Balans Makinesi\" class=\"blog-pic\"><img src=\"http:\/\/turbobalansmakinesi.com\/wp-content\/uploads\/2015\/02\/turbosprezarki_cmt48_vsr_basic.jpg\" \/><div class=\"blog-overlay\"><span class=\"post-icon standard\"><\/span><\/div><\/a><div class=\"blog-item-description\">\n\t\t\t\t\t\t<h4><a href=\"http:\/\/turbobalansmakinesi.com\/?p=2549\" title=\"CMT-48 VSR Ses Balans Makinesi\">CMT-48 VSR Ses Balans Makinesi<\/a><\/h4>\n\t\t\t\t\t\t<span>23 \u015eubat 2015 \/ 0 Comments<\/span>\n\t\t\t\t\t<\/div><div class=\"blog-border\"><\/div><\/div><div class=\"blog-item four columns\"><a href=\"http:\/\/turbobalansmakinesi.com\/?p=2505\" title=\"CMT \u2013 48 Twin Katri\u00e7 Balans Makinesi\" class=\"blog-pic\"><img src=\"http:\/\/turbobalansmakinesi.com\/wp-content\/uploads\/2014\/10\/12-460x300.jpg\" \/><div class=\"blog-overlay\"><span class=\"post-icon standard\"><\/span><\/div><\/a><div class=\"blog-item-description\">\n\t\t\t\t\t\t<h4><a href=\"http:\/\/turbobalansmakinesi.com\/?p=2505\" title=\"CMT \u2013 48 Twin Katri\u00e7 Balans Makinesi\">CMT \u2013 48 Twin Katri\u00e7 Balans Makinesi<\/a><\/h4>\n\t\t\t\t\t\t<span>18 Ekim 2014 \/ 0 Comments<\/span>\n\t\t\t\t\t<\/div><div class=\"blog-border\"><\/div><\/div><div class=\"blog-item four columns\"><a href=\"http:\/\/turbobalansmakinesi.com\/?p=2487\" title=\"CMT \u2013 48 VSR Katri\u00e7 Y\u00fcksek H\u0131z Balans Makinesi\" class=\"blog-pic\"><img src=\"http:\/\/turbobalansmakinesi.com\/wp-content\/uploads\/2014\/10\/1-460x300.jpg\" \/><div class=\"blog-overlay\"><span class=\"post-icon standard\"><\/span><\/div><\/a><div class=\"blog-item-description\">\n\t\t\t\t\t\t<h4><a href=\"http:\/\/turbobalansmakinesi.com\/?p=2487\" title=\"CMT \u2013 48 VSR Katri\u00e7 Y\u00fcksek H\u0131z Balans Makinesi\">CMT \u2013 48 VSR Katri\u00e7 Y\u00fcksek H\u0131z Balans Makinesi<\/a><\/h4>\n\t\t\t\t\t\t<span>18 Ekim 2014 \/ 0 Comments<\/span>\n\t\t\t\t\t<\/div><div class=\"blog-border\"><\/div><\/div><div class=\"blog-item four columns\"><a href=\"http:\/\/turbobalansmakinesi.com\/?p=2494\" title=\"CMT \u2013 47 tr Rotor Balans Makinesi\" class=\"blog-pic\"><img src=\"http:\/\/turbobalansmakinesi.com\/wp-content\/uploads\/2014\/10\/phoca_thumb_l_belt-drive-front-view1-460x300.jpg\" \/><div class=\"blog-overlay\"><span class=\"post-icon standard\"><\/span><\/div><\/a><div class=\"blog-item-description\">\n\t\t\t\t\t\t<h4><a href=\"http:\/\/turbobalansmakinesi.com\/?p=2494\" title=\"CMT \u2013 47 tr Rotor Balans Makinesi\">CMT \u2013 47 tr Rotor Balans Makinesi<\/a><\/h4>\n\t\t\t\t\t\t<span>18 Ekim 2014 \/ 0 Comments<\/span>\n\t\t\t\t\t<\/div><div class=\"blog-border\"><\/div><\/div><div class=\"blog-item four columns\"><a href=\"http:\/\/turbobalansmakinesi.com\/?p=2476\" title=\"Akt\u00fcat\u00f6r Test Cihaz\u0131- Actu Test 4000\" class=\"blog-pic\"><img src=\"http:\/\/turbobalansmakinesi.com\/wp-content\/uploads\/2014\/10\/kt\u00fcat\u00f6r-Test-Cihaz\u0131-Actu-Test-4000-460x300.jpg\" \/><div class=\"blog-overlay\"><span class=\"post-icon standard\"><\/span><\/div><\/a><div class=\"blog-item-description\">\n\t\t\t\t\t\t<h4><a href=\"http:\/\/turbobalansmakinesi.com\/?p=2476\" title=\"Akt\u00fcat\u00f6r Test Cihaz\u0131- Actu Test 4000\">Akt\u00fcat\u00f6r Test Cihaz\u0131- Actu Test 4000<\/a><\/h4>\n\t\t\t\t\t\t<span>18 Ekim 2014 \/ 0 Comments<\/span>\n\t\t\t\t\t<\/div><div class=\"blog-border\"><\/div><\/div><\/div><div class=\"clear\"><\/div>\n","protected":false},"excerpt":{"rendered":"","protected":false},"author":1,"featured_media":0,"parent":0,"menu_order":0,"comment_status":"closed","ping_status":"closed","template":"page-fullwidth.php","meta":[],"_links":{"self":[{"href":"http:\/\/turbobalansmakinesi.com\/index.php?rest_route=\/wp\/v2\/pages\/2418"}],"collection":[{"href":"http:\/\/turbobalansmakinesi.com\/index.php?rest_route=\/wp\/v2\/pages"}],"about":[{"href":"http:\/\/turbobalansmakinesi.com\/index.php?rest_route=\/wp\/v2\/types\/page"}],"author":[{"embeddable":true,"href":"http:\/\/turbobalansmakinesi.com\/index.php?rest_route=\/wp\/v2\/users\/1"}],"replies":[{"embeddable":true,"href":"http:\/\/turbobalansmakinesi.com\/index.php?rest_route=%2Fwp%2Fv2%2Fcomments&post=2418"}],"version-history":[{"count":28,"href":"http:\/\/turbobalansmakinesi.com\/index.php?rest_route=\/wp\/v2\/pages\/2418\/revisions"}],"predecessor-version":[{"id":2558,"href":"http:\/\/turbobalansmakinesi.com\/index.php?rest_route=\/wp\/v2\/pages\/2418\/revisions\/2558"}],"wp:attachment":[{"href":"http:\/\/turbobalansmakinesi.com\/index.php?rest_route=%2Fwp%2Fv2%2Fmedia&parent=2418"}],"curies":[{"name":"wp","href":"https:\/\/api.w.org\/{rel}","templated":true}]}}