{"id":2289,"date":"2014-10-16T17:34:17","date_gmt":"2014-10-16T14:34:17","guid":{"rendered":"http:\/\/cimat.demotalep.com\/?page_id=2289"},"modified":"2014-10-16T21:42:36","modified_gmt":"2014-10-16T18:42:36","slug":"hakkimizda","status":"publish","type":"page","link":"http:\/\/turbobalansmakinesi.com\/","title":{"rendered":"Anasayfa"},"content":{"rendered":"<h3 class=\"title\"><span>Hakk\u0131m\u0131zda<\/span><\/h3>\n<p>Balansta uzman CIMAT Ltd. kuruldu\u011fu 1987 y\u0131l\u0131ndan beri s\u00fcrekli olarak geli\u015fmektedir.<\/p>\n<p>CIMAT balans makineleri \u00fcretim ve sat\u0131\u015f\u0131nda alan\u0131nda \u00f6nc\u00fcl\u00fck eden, uluslar aras\u0131 distrib\u00fct\u00f6rleriyle \u00fcnl\u00fc bir firmad\u0131r. Polonya&#8217;daki en nitelikli personelleri istihdam etmekteyiz. 25 y\u0131l\u0131 a\u015fk\u0131n s\u00fcredir, Bydgoszcz da t\u00fcm \u00fclkeyi kapsayan balans makinelerinin servisini ve dizayn\u0131n\u0131 sa\u011flamaktay\u0131z. Y\u00fcksek nitelikli personelimiz elektronik, mekanik ve pn\u00f6matik sistemlerin yan\u0131 s\u0131ra yaz\u0131l\u0131m geli\u015ftirmektedir. Uzmanlar aras\u0131nda CIMAT i\u00e7in \u00e7al\u0131\u015fan teknik bilimler doktorlar\u0131 vard\u0131r.<\/p>\n<p>CIMAT olarak end\u00fcstriyel ve ara\u00e7lar i\u00e7in ileri teknoloji makineleri tasar\u0131mc\u0131s\u0131 ve \u00fcreticiyiz. Kurulu\u015fumuzdan bu yana m\u00fc\u015fterilerimizin sipari\u015flerini kar\u015f\u0131lamak i\u00e7in en g\u00fcncel teknolojik \u00e7\u00f6z\u00fcmleri sunmay\u0131 ama\u00e7lamaktay\u0131z.<\/p>\n<p>Bydgoszcz&#8217;daki marka ba\u015far\u0131m\u0131z \u00f6ncelikle profesyonelli\u011fimiz, personel ba\u011fl\u0131l\u0131\u011f\u0131m\u0131z, modern \u00fcretim y\u00f6ntemlerimiz, y\u00fcksek kalite standartlar\u0131nda yenilik\u00e7i teknolojik \u00e7\u00f6z\u00fcmlerimizin yan\u0131 s\u0131ra zengin ve benzersiz bir \u00fcr\u00fcn yelpazemize dayan\u0131yor.<\/p>\n<p>Faaliyetlerimiz:<\/p>\n<ul>\n<li>Balans makineleri \u00fcretimi ve sat\u0131\u015f\u0131<\/li>\n<li>Balans makinesi servisi<\/li>\n<li>Balans makinesi sertifikas\u0131<\/li>\n<li>Balans makinesi bak\u0131m ve modernizasyonu<\/li>\n<li>Teknik test<\/li>\n<li>Balans hizmeti- balans ile ilgili teknolojik problemlerin \u00e7\u00f6z\u00fcm\u00fc<\/li>\n<li>Balans teorisi ve prati\u011fi \u00fczerine e\u011fitim<\/li>\n<\/ul>\n<p>CIMAT Ltd. belirli esnaf ve bireysel m\u00fc\u015fterilerin ihtiya\u00e7lar\u0131na g\u00f6re genel ve \u00f6zel balans makineleri sunmaktad\u0131r. Balans makinelerimizin kurulumunda m\u00fc\u015fterilerimize yard\u0131mc\u0131 oluyoruz. Balans kullan\u0131m\u0131na ba\u011fl\u0131 olarak, \u00fcretim ve servis hizmetlerimiz neredeyse s\u0131n\u0131rs\u0131z.<\/p>\n<p>24 saat mevcut garanti ve garanti sonras\u0131 servis.<\/p>\n<p>Makinelerimiz u\u00e7aklarda, enerji, gemi in\u015faat\u0131, madencilik, metal\u00fcrji, havaland\u0131rma, ka\u011f\u0131t- tar\u0131m end\u00fcstrisi ve di\u011fer end\u00fcstri ve zanaat\u0131n bir\u00e7ok dal\u0131nda kullan\u0131lmaktad\u0131r.<\/p>\n<p>M\u00fc\u015fterimiz olan baz\u0131 \u015firketler:<\/p>\n<p>VALEO, SACHS, ABB, PRATT &amp; WHITNEY, ROCKWELL, ELEKTROWNIA BE\u0141CHAT\u00d3W, PESA, PKP, ZNTK, LUCHINI, WSK Rzesz\u00f3w, Fiat Power Train, Muhlhoff, Mittal Stall Service, POWEN \u2013 Wafapomp, Hydro Vacum, Grupa Cantonii, ANGA, Dantherm Filtration, MERCOR, AVIA, Chofum, Partner Elektra, Military University of Technology in Warsaw, ZPRE Jedlicze y\u00fczlerce di\u011ferleri.<\/p>\n<p>Hemen hemen her k\u0131tada (Avrupa, Asya, Kuzey Amerika, G\u00fcney Amerika, Afrika ve Australia) \u00e7e\u015fitli \u015fube ve 53 \u00fclkede faaliyet g\u00f6steren d\u00fcnya liderleri ile i\u015fbirli\u011fi sayesinde deneyim kazand\u0131k ve zorlu projelerin nas\u0131l y\u00fcr\u00fct\u00fclmesi gerekti\u011fini biliyoruz.<\/p>\n<p><img loading=\"lazy\" class=\"size-full wp-image-2414 aligncenter\" src=\"http:\/\/cimat.demotalep.com\/wp-content\/uploads\/2014\/10\/Untitled-1.jpg\" alt=\"Untitled-1\" width=\"700\" height=\"74\" srcset=\"http:\/\/turbobalansmakinesi.com\/wp-content\/uploads\/2014\/10\/Untitled-1.jpg 700w, http:\/\/turbobalansmakinesi.com\/wp-content\/uploads\/2014\/10\/Untitled-1-300x31.jpg 300w\" sizes=\"(max-width: 700px) 100vw, 700px\" \/><\/p>\n","protected":false},"excerpt":{"rendered":"<p>Hakk\u0131m\u0131zda Balansta uzman CIMAT Ltd. kuruldu\u011fu 1987 y\u0131l\u0131ndan beri s\u00fcrekli olarak geli\u015fmektedir. CIMAT balans makineleri \u00fcretim ve sat\u0131\u015f\u0131nda alan\u0131nda \u00f6nc\u00fcl\u00fck eden, uluslar aras\u0131 distrib\u00fct\u00f6rleriyle \u00fcnl\u00fc bir firmad\u0131r. Polonya&#8217;daki en nitelikli\u2026 <a href=\"http:\/\/turbobalansmakinesi.com\/\" class=\"read-more-link\">read more &rarr;<\/a><\/p>\n","protected":false},"author":1,"featured_media":0,"parent":0,"menu_order":0,"comment_status":"closed","ping_status":"closed","template":"page-sidebar-left.php","meta":[],"_links":{"self":[{"href":"http:\/\/turbobalansmakinesi.com\/index.php?rest_route=\/wp\/v2\/pages\/2289"}],"collection":[{"href":"http:\/\/turbobalansmakinesi.com\/index.php?rest_route=\/wp\/v2\/pages"}],"about":[{"href":"http:\/\/turbobalansmakinesi.com\/index.php?rest_route=\/wp\/v2\/types\/page"}],"author":[{"embeddable":true,"href":"http:\/\/turbobalansmakinesi.com\/index.php?rest_route=\/wp\/v2\/users\/1"}],"replies":[{"embeddable":true,"href":"http:\/\/turbobalansmakinesi.com\/index.php?rest_route=%2Fwp%2Fv2%2Fcomments&post=2289"}],"version-history":[{"count":11,"href":"http:\/\/turbobalansmakinesi.com\/index.php?rest_route=\/wp\/v2\/pages\/2289\/revisions"}],"predecessor-version":[{"id":2463,"href":"http:\/\/turbobalansmakinesi.com\/index.php?rest_route=\/wp\/v2\/pages\/2289\/revisions\/2463"}],"wp:attachment":[{"href":"http:\/\/turbobalansmakinesi.com\/index.php?rest_route=%2Fwp%2Fv2%2Fmedia&parent=2289"}],"curies":[{"name":"wp","href":"https:\/\/api.w.org\/{rel}","templated":true}]}}